{"id":26166,"date":"2016-09-23T14:37:35","date_gmt":"2016-09-23T14:37:35","guid":{"rendered":"http:\/\/www.omniquest.de\/en\/?page_id=26166"},"modified":"2018-06-26T14:39:22","modified_gmt":"2018-06-26T13:39:22","slug":"impressum_en","status":"publish","type":"page","link":"https:\/\/www.omniquest.de\/en\/impressum_en","title":{"rendered":"Impressum_EN"},"content":{"rendered":"<p>[et_pb_section bb_built=\u201d1\u2033 fullwidth=\u201don\u201d specialty=\u201doff\u201d next_background_color=\u201d#000000\u2033][et_pb_fullwidth_image src=\u201dhttp:\/\/www.omniquest.de\/wp-content\/uploads\/2016\/06\/impressum_700.jpg\u201d show_in_lightbox=\u201doff\u201d url_new_window=\u201doff\u201d use_overlay=\u201doff\u201d animation=\u201dleft\u201d use_border_color=\u201doff\u201d border_color=\u201d#ffffff\u201d border_style=\u201dsolid\u201d animation_style=\u201dslide\u201d animation_duration=\u201d500ms\u201d animation_intensity_slide=\u201d10%\u201d animation_direction=\u201dleft\u201d]<br> [\/et_pb_fullwidth_image][\/et_pb_section][et_pb_section bb_built=\u201d1\u2033 admin_label=\u201dsection\u201d fullwidth=\u201doff\u201d specialty=\u201doff\u201d prev_background_color=\u201d#000000\u2033 next_background_color=\u201d#385064\u2033][et_pb_row admin_label=\u201drow\u201d background_position=\u201dtop_left\u201d background_repeat=\u201drepeat\u201d background_size=\u201dinitial\u201d][et_pb_column type=\u201d4_4\u2033][et_pb_text background_layout=\u201dlight\u201d text_orientation=\u201dleft\u201d text_font_size=\u201d18\u2033 text_text_color=\u201d#38b400\u2033 use_border_color=\u201doff\u201d border_color=\u201d#ffffff\u201d border_style=\u201dsolid\u201d background_position=\u201dtop_left\u201d background_repeat=\u201drepeat\u201d background_size=\u201dinitial\u201d]<\/p>\n<p>Impressum<\/p>\n<p>[\/et_pb_text][et_pb_text use_border_color=\u201doff\u201d background_position=\u201dtop_left\u201d background_repeat=\u201drepeat\u201d background_size=\u201dinitial\u201d _builder_version=\u201d3.7\u2033]<\/p>\n<h3>Angaben gem\u00e4\u00df \u00a7 5 TMG<\/h3>\n<p>Sitz der Gesell\u00adschaft:<br> Linde\u00admannstr. 82<br> 40237 D\u00fcssel\u00addorf<\/p>\n<h3>Vertreten durch<\/h3>\n<p>Herrn Falk B\u00f6hmer<\/p>\n<h3>Kontakt<\/h3>\n<p>Telefon: +49 (0) 228 38 200 0<br> Telefax: +49 (0) 228 38 200 180<br> E-Mail: kontakt@omniquest.de<br> Internet: www.omniquest.de<\/p>\n<p>OmniQuest ist Mitglied im Arbeits\u00adkreis Deutscher Markt- und Sozial\u00adfor\u00adschungs\u00adin\u00adsti\u00adtute e.V.<\/p>\n<p>Inhalt\u00adlich Verant\u00adwort\u00adli\u00adcher gem\u00e4\u00df \u00a7 6 MDStV: Falk B\u00f6hmer<\/p>\n<p>Gestal\u00adtung: Patricia Scheu\u00advens \/ Semo. B\u00fcro K\u00f6ln<br> Hair &amp; Makeup: Emilia Keil<br> Fotos: Chris\u00adtoph Papsch<br> Regis\u00adter\u00adein\u00adtrag<\/p>\n<p>Eintra\u00adgung im Handels\u00adre\u00adgister.<br> Regis\u00adter\u00adge\u00adricht: Amtsge\u00adricht D\u00fcssel\u00addorf<br> Regis\u00adter\u00adnummer: HRB 68004<br> Umsatz\u00adsteuer<\/p>\n<p>Umsatz\u00adsteuer-Identi\u00adfi\u00adka\u00adti\u00adons\u00adnummer gem\u00e4\u00df \u00a727 a Umsatz\u00adsteu\u00ader\u00adge\u00adsetz:<br> DE182607704<br> Angaben zur Berufs\u00adhaft\u00adpflicht\u00adver\u00adsi\u00adche\u00adrung<\/p>\n<p>Name und Sitz des Versi\u00adche\u00adrers:<br> Gothaer Allge\u00admeine Versi\u00adche\u00adrung AG<br> Haupt\u00adver\u00adwal\u00adtung<br> 50598 K\u00f6ln<\/p>\n<p>Geltungs\u00adraum der Versi\u00adche\u00adrung: Deutsch\u00adland<br> Streit\u00adschlich\u00adtung<\/p>\n<p>Die Europ\u00e4i\u00adsche Kommis\u00adsion stellt eine Platt\u00adform zur Online-Streit\u00adbei\u00adle\u00adgung (OS) bereit: https:\/\/ec.europa.eu\/consumers\/odr.<br> Unsere E-Mail-Adresse finden Sie oben im Impressum.<\/p>\n<p>Wir sind nicht bereit oder verpflichtet, an Streit\u00adbei\u00adle\u00adgungs\u00adver\u00adfahren vor einer Verbrau\u00adcher\u00adschlich\u00adtungs\u00adstelle teilzu\u00adnehmen.<br> Verant\u00adwort\u00adlich f\u00fcr den Inhalt nach \u00a7 55 Abs. 2 RStV<\/p>\n<p>Falk B\u00f6hmer<br> Kenne\u00addy\u00adbr\u00fccke 4<br> 53225 Bonn<\/p>\n<h3>Haftung f\u00fcr Inhalte<\/h3>\n<p>Als Diens\u00adte\u00adan\u00adbieter sind wir gem\u00e4\u00df \u00a7 7 Abs.1 TMG f\u00fcr eigene Inhalte auf diesen Seiten nach den allge\u00admeinen Gesetzen verant\u00adwort\u00adlich. Nach \u00a7\u00a7 8 bis 10 TMG sind wir als Diens\u00adte\u00adan\u00adbieter jedoch nicht verpflichtet, \u00fcbermit\u00adtelte oder gespei\u00adcherte fremde Infor\u00adma\u00adtionen zu \u00fcberwa\u00adchen oder nach Umst\u00e4nden zu forschen, die auf eine rechts\u00adwid\u00adrige T\u00e4tig\u00adkeit hinweisen.<\/p>\n<p>Verpflich\u00adtungen zur Entfer\u00adnung oder Sperrung der Nutzung von Infor\u00adma\u00adtionen nach den allge\u00admeinen Gesetzen bleiben hiervon unber\u00fchrt. Eine diesbe\u00adz\u00fcg\u00adliche Haftung ist jedoch erst ab dem Zeitpunkt der Kenntnis einer konkreten Rechts\u00adver\u00adlet\u00adzung m\u00f6glich. Bei Bekannt\u00adwerden von entspre\u00adchenden Rechts\u00adver\u00adlet\u00adzungen werden wir diese Inhalte umgehend entfernen.<\/p>\n<p>Der Autor \u00fcbernimmt keinerlei Gew\u00e4hr f\u00fcr die Aktua\u00adlit\u00e4t, Korrekt\u00adheit, Vollst\u00e4n\u00addig\u00adkeit oder Qualit\u00e4t der bereit\u00adge\u00adstellten Infor\u00adma\u00adtionen. Haftungs\u00adan\u00adspr\u00fcche gegen den Autor, welche sich auf Sch\u00e4den materi\u00adeller oder ideeller Art beziehen, die durch die Nutzung oder Nicht\u00adnut\u00adzung der darge\u00adbo\u00adtenen Infor\u00adma\u00adtionen bzw. durch die Nutzung fehler\u00adhafter und unvoll\u00adst\u00e4n\u00addiger Infor\u00adma\u00adtionen verur\u00adsacht wurden, sind grund\u00ads\u00e4tz\u00adlich ausge\u00adschlossen, sofern seitens des Autors kein nachweis\u00adlich vors\u00e4tz\u00adli\u00adches oder grob fahrl\u00e4s\u00adsiges Verschulden vorliegt. Alle Angebote sind freiblei\u00adbend und unver\u00adbind\u00adlich. Der Autor beh\u00e4lt es sich ausdr\u00fcck\u00adlich vor, Teile der Seiten oder das gesamte Angebot ohne geson\u00adderte Ank\u00fcn\u00addi\u00adgung zu ver\u00e4n\u00addern, zu erg\u00e4nzen, zu l\u00f6schen oder die Ver\u00f6f\u00adfent\u00adli\u00adchung zeitweise oder endg\u00fcltig einzu\u00adstellen.<\/p>\n<h3>Haftung f\u00fcr Links<\/h3>\n<p>Unser Angebot enth\u00e4lt Links zu externen Websites Dritter, auf deren Inhalte wir keinen Einfluss haben. Deshalb k\u00f6nnen wir f\u00fcr diese fremden Inhalte auch keine Gew\u00e4hr \u00fcbernehmen. F\u00fcr die Inhalte der verlinkten Seiten ist stets der jewei\u00adlige Anbieter oder Betreiber der Seiten verant\u00adwort\u00adlich. Die verlinkten Seiten wurden zum Zeitpunkt der Verlin\u00adkung auf m\u00f6gliche Rechts\u00adver\u00adst\u00f6\u00dfe \u00fcberpr\u00fcft. Rechts\u00adwid\u00adrige Inhalte waren zum Zeitpunkt der Verlin\u00adkung nicht erkennbar.<\/p>\n<p>Eine perma\u00adnente inhalt\u00adliche Kontrolle der verlinkten Seiten ist jedoch ohne konkrete Anhalts\u00adpunkte einer Rechts\u00adver\u00adlet\u00adzung nicht zumutbar. Bei Bekannt\u00adwerden von Rechts\u00adver\u00adlet\u00adzungen werden wir derar\u00adtige Links umgehend entfernen.<\/p>\n<h3>Urheber\u00adrecht<\/h3>\n<p>Die durch die Seiten\u00adbe\u00adtreiber erstellten Inhalte und Werke auf diesen Seiten unter\u00adliegen dem deutschen Urheber\u00adrecht. Die Verviel\u00adf\u00e4l\u00adti\u00adgung, Bearbei\u00adtung, Verbrei\u00adtung und jede Art der Verwer\u00adtung au\u00dfer\u00adhalb der Grenzen des Urheber\u00adrechtes bed\u00fcrfen der schrift\u00adli\u00adchen Zustim\u00admung des jewei\u00adligen Autors bzw. Erstel\u00adlers. Downloads und Kopien dieser Seite sind nur f\u00fcr den privaten, nicht kommer\u00adzi\u00adellen Gebrauch gestattet.<\/p>\n<p>Soweit die Inhalte auf dieser Seite nicht vom Betreiber erstellt wurden, werden die Urheber\u00adrechte Dritter beachtet. Insbe\u00adson\u00addere werden Inhalte Dritter als solche gekenn\u00adzeichnet. Sollten Sie trotzdem auf eine Urheber\u00adrechts\u00adver\u00adlet\u00adzung aufmerksam werden, bitten wir um einen entspre\u00adchenden Hinweis. Bei Bekannt\u00adwerden von Rechts\u00adver\u00adlet\u00adzungen werden wir derar\u00adtige Inhalte umgehend entfernen.<\/p>\n<h3>Daten\u00adschutz<\/h3>\n<p>Sofern inner\u00adhalb des Inter\u00adnet\u00adan\u00adge\u00adbotes die M\u00f6glich\u00adkeit zur Eingabe pers\u00f6n\u00adli\u00adcher oder gesch\u00e4ft\u00adli\u00adcher Daten (Email\u00adadressen, Namen, Anschriften) besteht, so erfolgt die Preis\u00adgabe dieser Daten seitens des Nutzers auf ausdr\u00fcck\u00adlich freiwil\u00adliger Basis. Die Inanspruch\u00adnahme und Bezah\u00adlung aller angebo\u00adtenen Dienste ist \u2014 soweit technisch m\u00f6glich und zumutbar \u2014 auch ohne Angabe solcher Daten bzw. unter Angabe anony\u00admi\u00adsierter Daten oder eines Pseud\u00adonyms gestattet.<\/p>\n<p>[\/et_pb_text][\/et_pb_column][\/et_pb_row][\/et_pb_section][et_pb_section bb_built=\u201d1\u2033 admin_label=\u201dsection\u201d fullwidth=\u201doff\u201d specialty=\u201doff\u201d transparent_background=\u201doff\u201d background_color=\u201d#385064\u2033 allow_player_pause=\u201doff\u201d inner_shadow=\u201doff\u201d parallax=\u201doff\u201d parallax_method=\u201doff\u201d module_id=\u201dueber_uns_block\u201d prev_background_color=\u201d#ffffff\u201d][et_pb_row admin_label=\u201drow\u201d background_position=\u201dtop_left\u201d background_repeat=\u201drepeat\u201d background_size=\u201dinitial\u201d][et_pb_column type=\u201d1_2\u2033][et_pb_text admin_label=\u201dueber_uns\u201d background_layout=\u201dlight\u201d text_orientation=\u201dleft\u201d use_border_color=\u201doff\u201d border_color=\u201d#ffffff\u201d border_style=\u201dsolid\u201d text_font_size=\u201d22\u2033 text_text_color=\u201d#38b400\u2033 background_position=\u201dtop_left\u201d background_repeat=\u201drepeat\u201d background_size=\u201dinitial\u201d]<\/p>\n<p>About us<\/p>\n<p>[\/et_pb_text][et_pb_text admin_label=\u201dueber_uns_text_links\u201d background_layout=\u201ddark\u201d text_orientation=\u201dleft\u201d use_border_color=\u201doff\u201d border_color=\u201d#ffffff\u201d border_style=\u201dsolid\u201d text_text_color=\u201d#ffffff\u201d background_position=\u201dtop_left\u201d background_repeat=\u201drepeat\u201d background_size=\u201dinitial\u201d]<\/p>\n<p>Reliable surveys on market, product and customer satis\u00adfac\u00adtion need the right method. We do have the accurate tool for all your needs.<\/p>\n<p>[\/et_pb_text][\/et_pb_column][et_pb_column type=\u201d1_2\u2033][et_pb_text admin_label=\u201dueber_uns_text_rechts\u201d background_layout=\u201ddark\u201d use_border_color=\u201doff\u201d text_text_color=\u201d#ffffff\u201d background_position=\u201dtop_left\u201d background_repeat=\u201drepeat\u201d background_size=\u201dinitial\u201d _builder_version=\u201d3.7\u2033]<\/p>\n<p>Contact<\/p>\n<p>OmniQuest Gesell\u00adschaft f\u00fcr Befra\u00adgungs\u00adpro\u00adjekte mbH<br> Kenne\u00addy\u00adbr\u00fccke 4, 53225 Bonn (Germany)<br> Hohen\u00adstau\u00adfen\u00adring 66-70, 50674 K\u00f6ln (Germany)<br> Phone: +49 (0) 228 38 200-0<br> kontakt@omniquest.de<\/p>\n<p>[\/et_pb_text][\/et_pb_column][\/et_pb_row][\/et_pb_section]<\/p>\n<span class=\"et_bloom_bottom_trigger\"><\/span>","protected":false},"excerpt":{"rendered":"<p>Impressum Angaben gem\u00e4\u00df \u00a7 5 TMG Sitz der Gesell\u00adschaft: Linde\u00admannstr. 82 40237 D\u00fcssel\u00addorf Vertreten durch Herrn Falk B\u00f6hmer Kontakt Telefon: +49 (0) 228 38 200 0 Telefax: +49 (0) 228 38 200 180 E-Mail: kontakt@omniquest.de Internet: www.omniquest.de OmniQuest ist Mitglied im Arbeits\u00adkreis Deutscher Markt- und Sozial\u00adfor\u00adschungs\u00adin\u00adsti\u00adtute e.V. Inhalt\u00adlich Verant\u00adwort\u00adli\u00adcher gem\u00e4\u00df \u00a7 6 MDStV: Falk B\u00f6hmer Gestal\u00adtung: Patricia Scheu\u00advens \/ Semo. B\u00fcro K\u00f6ln Hair &amp; Makeup: Emilia Keil Fotos: Chris\u00adtoph Papsch Regis\u00adter\u00adein\u00adtrag Eintra\u00adgung im Handels\u00adre\u00adgister. Regis\u00adter\u00adge\u00adricht: Amtsge\u00adricht D\u00fcssel\u00addorf Regis\u00adter\u00adnummer: HRB 68004 Umsatz\u00adsteuer Umsatz\u00adsteuer-Identi\u00adfi\u00adka\u00adti\u00adons\u00adnummer gem\u00e4\u00df \u00a727 a Umsatz\u00adsteu\u00ader\u00adge\u00adsetz: DE182607704 Angaben zur Berufs\u00adhaft\u00adpflicht\u00adver\u00adsi\u00adche\u00adrung Name und Sitz des Versi\u00adche\u00adrers: Gothaer Allge\u00admeine Versi\u00adche\u00adrung AG Haupt\u00adver\u00adwal\u00adtung 50598 K\u00f6ln Geltungs\u00adraum der Versi\u00adche\u00adrung: Deutsch\u00adland Streit\u00adschlich\u00adtung Die Europ\u00e4i\u00adsche Kommis\u00adsion stellt eine Platt\u00adform zur Online-Streit\u00adbei\u00adle\u00adgung (OS) bereit: https:\/\/ec.europa.eu\/consumers\/odr. Unsere E-Mail-Adresse finden Sie oben im Impressum. Wir sind nicht bereit oder verpflichtet, an Streit\u00adbei\u00adle\u00adgungs\u00adver\u00adfahren vor einer Verbrau\u00adcher\u00adschlich\u00adtungs\u00adstelle teilzu\u00adnehmen. Verant\u00adwort\u00adlich f\u00fcr den Inhalt nach \u00a7 55 Abs. 2 RStV Falk B\u00f6hmer Kenne\u00addy\u00adbr\u00fccke 4 53225 Bonn Haftung f\u00fcr Inhalte Als Diens\u00adte\u00adan\u00adbieter sind wir gem\u00e4\u00df \u00a7 7 Abs.1 TMG f\u00fcr eigene Inhalte auf diesen Seiten nach den allge\u00admeinen Gesetzen verant\u00adwort\u00adlich. Nach \u00a7\u00a7 8 bis 10 TMG sind wir als Diens\u00adte\u00adan\u00adbieter jedoch nicht verpflichtet, \u00fcbermit\u00adtelte oder gespei\u00adcherte fremde Infor\u00adma\u00adtionen zu \u00fcberwa\u00adchen oder nach Umst\u00e4nden zu [\u2026]<\/p>\n","protected":false},"author":4,"featured_media":0,"parent":0,"menu_order":0,"comment_status":"closed","ping_status":"closed","template":"","meta":{"_et_pb_use_builder":"on","_et_pb_old_content":"","_et_gb_content_width":"","wp_typography_post_enhancements_disabled":false,"footnotes":""},"class_list":["post-26166","page","type-page","status-publish","hentry"],"yoast_head":"<!-- This site is optimized with the Yoast SEO plugin v27.4 - https:\/\/yoast.com\/product\/yoast-seo-wordpress\/ -->\n<title>Impressum_EN - OmniQuest<\/title>\n<meta name=\"robots\" content=\"noindex, nofollow\" \/>\n<meta property=\"og:locale\" content=\"en_US\" \/>\n<meta property=\"og:type\" content=\"article\" \/>\n<meta property=\"og:title\" content=\"Impressum_EN - OmniQuest\" \/>\n<meta property=\"og:description\" content=\"Impressum Angaben gem\u00e4\u00df \u00a7 5 TMG Sitz der Gesellschaft: Lindemannstr. 82 40237 D\u00fcsseldorf Vertreten durch Herrn Falk B\u00f6hmer Kontakt Telefon: +49 (0) 228 38 200 0 Telefax: +49 (0) 228 38 200 180 E-Mail: kontakt@omniquest.de Internet: www.omniquest.de OmniQuest ist Mitglied im Arbeitskreis Deutscher Markt- und Sozialforschungsinstitute e.V. Inhaltlich Verantwortlicher gem\u00e4\u00df \u00a7 6 MDStV: Falk B\u00f6hmer Gestaltung: Patricia Scheuvens \/ Semo. B\u00fcro K\u00f6ln Hair &amp; Makeup: Emilia Keil Fotos: Christoph Papsch Registereintrag Eintragung im Handelsregister. Registergericht: Amtsgericht D\u00fcsseldorf Registernummer: HRB 68004 Umsatzsteuer Umsatzsteuer-Identifikationsnummer gem\u00e4\u00df \u00a727 a Umsatzsteuergesetz: DE182607704 Angaben zur Berufshaftpflichtversicherung Name und Sitz des Versicherers: Gothaer Allgemeine Versicherung AG Hauptverwaltung 50598 K\u00f6ln Geltungsraum der Versicherung: Deutschland Streitschlichtung Die Europ\u00e4ische Kommission stellt eine Plattform zur Online-Streitbeilegung (OS) bereit: https:\/\/ec.europa.eu\/consumers\/odr. Unsere E-Mail-Adresse finden Sie oben im Impressum. Wir sind nicht bereit oder verpflichtet, an Streitbeilegungsverfahren vor einer Verbraucherschlichtungsstelle teilzunehmen. Verantwortlich f\u00fcr den Inhalt nach \u00a7 55 Abs. 2 RStV Falk B\u00f6hmer Kennedybr\u00fccke 4 53225 Bonn Haftung f\u00fcr Inhalte Als Diensteanbieter sind wir gem\u00e4\u00df \u00a7 7 Abs.1 TMG f\u00fcr eigene Inhalte auf diesen Seiten nach den allgemeinen Gesetzen verantwortlich. Nach \u00a7\u00a7 8 bis 10 TMG sind wir als Diensteanbieter jedoch nicht verpflichtet, \u00fcbermittelte oder gespeicherte fremde Informationen zu \u00fcberwachen oder nach Umst\u00e4nden zu [&hellip;]\" \/>\n<meta property=\"og:url\" content=\"https:\/\/www.omniquest.de\/impressum\" \/>\n<meta property=\"og:site_name\" content=\"OmniQuest\" \/>\n<meta property=\"article:publisher\" content=\"https:\/\/www.facebook.com\/omniquest\" \/>\n<meta property=\"article:modified_time\" content=\"2018-06-26T13:39:22+00:00\" \/>\n<meta name=\"twitter:card\" content=\"summary_large_image\" \/>\n<meta name=\"twitter:site\" content=\"@OmniquestBonn\" \/>\n<meta name=\"twitter:label1\" content=\"Est. reading time\" \/>\n\t<meta name=\"twitter:data1\" content=\"5 minutes\" \/>\n<script type=\"application\/ld+json\" class=\"yoast-schema-graph\">{\"@context\":\"https:\\\/\\\/schema.org\",\"@graph\":[{\"@type\":\"WebPage\",\"@id\":\"https:\\\/\\\/www.omniquest.de\\\/impressum\",\"url\":\"https:\\\/\\\/www.omniquest.de\\\/impressum\",\"name\":\"Impressum_EN - OmniQuest\",\"isPartOf\":{\"@id\":\"https:\\\/\\\/www.omniquest.de\\\/#website\"},\"datePublished\":\"2016-09-23T14:37:35+00:00\",\"dateModified\":\"2018-06-26T13:39:22+00:00\",\"breadcrumb\":{\"@id\":\"https:\\\/\\\/www.omniquest.de\\\/impressum#breadcrumb\"},\"inLanguage\":\"en-US\",\"potentialAction\":[{\"@type\":\"ReadAction\",\"target\":[\"https:\\\/\\\/www.omniquest.de\\\/impressum\"]}]},{\"@type\":\"BreadcrumbList\",\"@id\":\"https:\\\/\\\/www.omniquest.de\\\/impressum#breadcrumb\",\"itemListElement\":[{\"@type\":\"ListItem\",\"position\":1,\"name\":\"Startseite\",\"item\":\"https:\\\/\\\/www.omniquest.de\\\/en\"},{\"@type\":\"ListItem\",\"position\":2,\"name\":\"Impressum_EN\"}]},{\"@type\":\"WebSite\",\"@id\":\"https:\\\/\\\/www.omniquest.de\\\/#website\",\"url\":\"https:\\\/\\\/www.omniquest.de\\\/\",\"name\":\"OmniQuest\",\"description\":\"Die Marktforscher\",\"publisher\":{\"@id\":\"https:\\\/\\\/www.omniquest.de\\\/#organization\"},\"potentialAction\":[{\"@type\":\"SearchAction\",\"target\":{\"@type\":\"EntryPoint\",\"urlTemplate\":\"https:\\\/\\\/www.omniquest.de\\\/?s={search_term_string}\"},\"query-input\":{\"@type\":\"PropertyValueSpecification\",\"valueRequired\":true,\"valueName\":\"search_term_string\"}}],\"inLanguage\":\"en-US\"},{\"@type\":\"Organization\",\"@id\":\"https:\\\/\\\/www.omniquest.de\\\/#organization\",\"name\":\"OmniQuest GmbH\",\"url\":\"https:\\\/\\\/www.omniquest.de\\\/\",\"logo\":{\"@type\":\"ImageObject\",\"inLanguage\":\"en-US\",\"@id\":\"https:\\\/\\\/www.omniquest.de\\\/#\\\/schema\\\/logo\\\/image\\\/\",\"url\":\"https:\\\/\\\/www.omniquest.de\\\/wp-content\\\/uploads\\\/2016\\\/09\\\/OmniQuest_1Zeile_rgb.jpg\",\"contentUrl\":\"https:\\\/\\\/www.omniquest.de\\\/wp-content\\\/uploads\\\/2016\\\/09\\\/OmniQuest_1Zeile_rgb.jpg\",\"width\":1980,\"height\":503,\"caption\":\"OmniQuest GmbH\"},\"image\":{\"@id\":\"https:\\\/\\\/www.omniquest.de\\\/#\\\/schema\\\/logo\\\/image\\\/\"},\"sameAs\":[\"https:\\\/\\\/www.facebook.com\\\/omniquest\",\"https:\\\/\\\/x.com\\\/OmniquestBonn\",\"https:\\\/\\\/www.youtube.com\\\/channel\\\/UCQ4cXuso_7CD0s7IQb_lHYA\"]}]}<\/script>\n<!-- \/ Yoast SEO plugin. -->","yoast_head_json":{"title":"Impressum_EN - OmniQuest","robots":{"index":"noindex","follow":"nofollow"},"og_locale":"en_US","og_type":"article","og_title":"Impressum_EN - OmniQuest","og_description":"Impressum Angaben gem\u00e4\u00df \u00a7 5 TMG Sitz der Gesellschaft: Lindemannstr. 82 40237 D\u00fcsseldorf Vertreten durch Herrn Falk B\u00f6hmer Kontakt Telefon: +49 (0) 228 38 200 0 Telefax: +49 (0) 228 38 200 180 E-Mail: kontakt@omniquest.de Internet: www.omniquest.de OmniQuest ist Mitglied im Arbeitskreis Deutscher Markt- und Sozialforschungsinstitute e.V. Inhaltlich Verantwortlicher gem\u00e4\u00df \u00a7 6 MDStV: Falk B\u00f6hmer Gestaltung: Patricia Scheuvens \/ Semo. B\u00fcro K\u00f6ln Hair &amp; Makeup: Emilia Keil Fotos: Christoph Papsch Registereintrag Eintragung im Handelsregister. Registergericht: Amtsgericht D\u00fcsseldorf Registernummer: HRB 68004 Umsatzsteuer Umsatzsteuer-Identifikationsnummer gem\u00e4\u00df \u00a727 a Umsatzsteuergesetz: DE182607704 Angaben zur Berufshaftpflichtversicherung Name und Sitz des Versicherers: Gothaer Allgemeine Versicherung AG Hauptverwaltung 50598 K\u00f6ln Geltungsraum der Versicherung: Deutschland Streitschlichtung Die Europ\u00e4ische Kommission stellt eine Plattform zur Online-Streitbeilegung (OS) bereit: https:\/\/ec.europa.eu\/consumers\/odr. Unsere E-Mail-Adresse finden Sie oben im Impressum. Wir sind nicht bereit oder verpflichtet, an Streitbeilegungsverfahren vor einer Verbraucherschlichtungsstelle teilzunehmen. Verantwortlich f\u00fcr den Inhalt nach \u00a7 55 Abs. 2 RStV Falk B\u00f6hmer Kennedybr\u00fccke 4 53225 Bonn Haftung f\u00fcr Inhalte Als Diensteanbieter sind wir gem\u00e4\u00df \u00a7 7 Abs.1 TMG f\u00fcr eigene Inhalte auf diesen Seiten nach den allgemeinen Gesetzen verantwortlich. Nach \u00a7\u00a7 8 bis 10 TMG sind wir als Diensteanbieter jedoch nicht verpflichtet, \u00fcbermittelte oder gespeicherte fremde Informationen zu \u00fcberwachen oder nach Umst\u00e4nden zu [&hellip;]","og_url":"https:\/\/www.omniquest.de\/impressum","og_site_name":"OmniQuest","article_publisher":"https:\/\/www.facebook.com\/omniquest","article_modified_time":"2018-06-26T13:39:22+00:00","twitter_card":"summary_large_image","twitter_site":"@OmniquestBonn","twitter_misc":{"Est. reading time":"5 minutes"},"schema":{"@context":"https:\/\/schema.org","@graph":[{"@type":"WebPage","@id":"https:\/\/www.omniquest.de\/impressum","url":"https:\/\/www.omniquest.de\/impressum","name":"Impressum_EN - OmniQuest","isPartOf":{"@id":"https:\/\/www.omniquest.de\/#website"},"datePublished":"2016-09-23T14:37:35+00:00","dateModified":"2018-06-26T13:39:22+00:00","breadcrumb":{"@id":"https:\/\/www.omniquest.de\/impressum#breadcrumb"},"inLanguage":"en-US","potentialAction":[{"@type":"ReadAction","target":["https:\/\/www.omniquest.de\/impressum"]}]},{"@type":"BreadcrumbList","@id":"https:\/\/www.omniquest.de\/impressum#breadcrumb","itemListElement":[{"@type":"ListItem","position":1,"name":"Startseite","item":"https:\/\/www.omniquest.de\/en"},{"@type":"ListItem","position":2,"name":"Impressum_EN"}]},{"@type":"WebSite","@id":"https:\/\/www.omniquest.de\/#website","url":"https:\/\/www.omniquest.de\/","name":"OmniQuest","description":"Die Marktforscher","publisher":{"@id":"https:\/\/www.omniquest.de\/#organization"},"potentialAction":[{"@type":"SearchAction","target":{"@type":"EntryPoint","urlTemplate":"https:\/\/www.omniquest.de\/?s={search_term_string}"},"query-input":{"@type":"PropertyValueSpecification","valueRequired":true,"valueName":"search_term_string"}}],"inLanguage":"en-US"},{"@type":"Organization","@id":"https:\/\/www.omniquest.de\/#organization","name":"OmniQuest GmbH","url":"https:\/\/www.omniquest.de\/","logo":{"@type":"ImageObject","inLanguage":"en-US","@id":"https:\/\/www.omniquest.de\/#\/schema\/logo\/image\/","url":"https:\/\/www.omniquest.de\/wp-content\/uploads\/2016\/09\/OmniQuest_1Zeile_rgb.jpg","contentUrl":"https:\/\/www.omniquest.de\/wp-content\/uploads\/2016\/09\/OmniQuest_1Zeile_rgb.jpg","width":1980,"height":503,"caption":"OmniQuest GmbH"},"image":{"@id":"https:\/\/www.omniquest.de\/#\/schema\/logo\/image\/"},"sameAs":["https:\/\/www.facebook.com\/omniquest","https:\/\/x.com\/OmniquestBonn","https:\/\/www.youtube.com\/channel\/UCQ4cXuso_7CD0s7IQb_lHYA"]}]}},"_links":{"self":[{"href":"https:\/\/www.omniquest.de\/en\/wp-json\/wp\/v2\/pages\/26166","targetHints":{"allow":["GET"]}}],"collection":[{"href":"https:\/\/www.omniquest.de\/en\/wp-json\/wp\/v2\/pages"}],"about":[{"href":"https:\/\/www.omniquest.de\/en\/wp-json\/wp\/v2\/types\/page"}],"author":[{"embeddable":true,"href":"https:\/\/www.omniquest.de\/en\/wp-json\/wp\/v2\/users\/4"}],"replies":[{"embeddable":true,"href":"https:\/\/www.omniquest.de\/en\/wp-json\/wp\/v2\/comments?post=26166"}],"version-history":[{"count":0,"href":"https:\/\/www.omniquest.de\/en\/wp-json\/wp\/v2\/pages\/26166\/revisions"}],"wp:attachment":[{"href":"https:\/\/www.omniquest.de\/en\/wp-json\/wp\/v2\/media?parent=26166"}],"curies":[{"name":"wp","href":"https:\/\/api.w.org\/{rel}","templated":true}]}}